{"id":361,"date":"2024-10-15T15:28:14","date_gmt":"2024-10-15T18:28:14","guid":{"rendered":"https:\/\/cpdiagnostico.com.ar\/?page_id=361"},"modified":"2024-10-15T15:28:20","modified_gmt":"2024-10-15T18:28:20","slug":"politica-de-privacidad","status":"publish","type":"page","link":"https:\/\/cpdiagnostico.com.ar\/?page_id=361","title":{"rendered":"Pol\u00edtica de Privacidad"},"content":{"rendered":"\t\t<div data-elementor-type=\"wp-page\" data-elementor-id=\"361\" class=\"elementor elementor-361\" data-elementor-post-type=\"page\">\n\t\t\t\t<div class=\"elementor-element elementor-element-6f8b07b e-con-full e-flex e-con e-parent\" data-id=\"6f8b07b\" data-element_type=\"container\" data-e-type=\"container\">\n\t\t<div class=\"elementor-element elementor-element-a49a150 e-con-full e-flex e-con e-child\" data-id=\"a49a150\" data-element_type=\"container\" data-e-type=\"container\">\n\t\t\t\t<div class=\"elementor-element elementor-element-1e6657a elementor-widget__width-initial elementor-widget elementor-widget-heading\" data-id=\"1e6657a\" data-element_type=\"widget\" data-e-type=\"widget\" data-widget_type=\"heading.default\">\n\t\t\t\t<div class=\"elementor-widget-container\">\n\t\t\t\t\t<h2 class=\"elementor-heading-title elementor-size-default\">Centro Privado del Diagn\u00f3stico SRL - Pol\u00edtica de Privacidad<\/h2>\t\t\t\t<\/div>\n\t\t\t\t<\/div>\n\t\t\t\t<\/div>\n\t\t<div class=\"elementor-element elementor-element-3f11e50 e-flex e-con-boxed e-con e-child\" data-id=\"3f11e50\" data-element_type=\"container\" data-e-type=\"container\">\n\t\t\t\t\t<div class=\"e-con-inner\">\n\t\t\t\t<div class=\"elementor-element elementor-element-ef2d419 elementor-widget elementor-widget-text-editor\" data-id=\"ef2d419\" data-element_type=\"widget\" data-e-type=\"widget\" data-widget_type=\"text-editor.default\">\n\t\t\t\t<div class=\"elementor-widget-container\">\n\t\t\t\t\t\t\t\t\t<p>Introducci\u00f3n<br>Centro Privado del Diagn\u00f3stico (&#8220;CPD&#8221;, &#8220;nosotros&#8221;, &#8220;nos&#8221; o &#8220;nuestro&#8221;) es una empresa registrada en Argentina que ofrece servicios de Diagn\u00f3stico por Im\u00e1genes. Nos comprometemos a proteger la privacidad y seguridad de su informaci\u00f3n personal. Esta Pol\u00edtica de privacidad explica c\u00f3mo recopilamos, usamos, divulgamos y protegemos su informaci\u00f3n personal cuando visita nuestro sitio web (cpdiagnostico.com.ar) o utiliza nuestros servicios.<\/p>\n<p>Informaci\u00f3n que recopilamos<br>Informaci\u00f3n personal: podemos recopilar la siguiente informaci\u00f3n personal suya: Datos de contacto: nombre, direcci\u00f3n de correo electr\u00f3nico, n\u00famero de tel\u00e9fono, direcci\u00f3n postal.<br>Informaci\u00f3n demogr\u00e1fica: edad, sexo, intereses.<br>Informaci\u00f3n t\u00e9cnica: direcci\u00f3n IP, tipo de navegador, sistema operativo, informaci\u00f3n del dispositivo, actividad de navegaci\u00f3n en nuestro sitio web.<br>Informaci\u00f3n comercial: nombre de la empresa, informaci\u00f3n de contacto, URL del sitio web, industria, presupuesto de marketing, etc. (para clientes y clientes potenciales).<br>Informaci\u00f3n no personal: tambi\u00e9n podemos recopilar informaci\u00f3n no personal sobre su uso de nuestro sitio web y nuestros servicios, como: Datos de tr\u00e1fico del sitio web: p\u00e1ginas visitadas, tiempo dedicado a cada p\u00e1gina, enlaces en los que hizo clic.<br>Datos anal\u00edticos: informaci\u00f3n del navegador, informaci\u00f3n del dispositivo, sistema operativo, URL de referencia, hora de la visita, etc.<br>\u200d<br>C\u00f3mo utilizamos su informaci\u00f3n<br>Utilizamos su informaci\u00f3n personal para los siguientes fines:<\/p>\n<p>&gt; Para proporcionar y mejorar nuestro sitio web y nuestros servicios.<br>&gt; Para comunicarnos con usted acerca de nuestros productos y servicios, incluido el env\u00edo de boletines informativos, materiales de marketing y otras ofertas promocionales.<br>&gt; Para responder a sus consultas y solicitudes.<br>&gt; Para personalizar su experiencia en nuestro sitio web.<br>&gt; Para analizar el tr\u00e1fico del sitio web y los patrones de uso.<br>&gt; Para detectar, prevenir y abordar el fraude, el abuso y las amenazas a la seguridad.<br>&gt; Para cumplir con los requisitos legales y reglamentarios.<\/p>\n<p>Divulgaci\u00f3n de su informaci\u00f3n<br>Podemos divulgar su informaci\u00f3n personal a los siguientes terceros:<\/p>\n<p>&gt; Proveedores de servicios: podemos compartir su informaci\u00f3n con proveedores de servicios externos que nos ayudan a operar nuestro sitio web y brindar nuestros servicios, como proveedores de alojamiento de sitios web, proveedores de marketing por correo electr\u00f3nico y proveedores de an\u00e1lisis.<\/p>\n<p>&gt; Cumplimiento de la ley: podemos divulgar su informaci\u00f3n a las agencias de cumplimiento de la ley si as\u00ed lo exige la ley o para proteger nuestros derechos legales.<\/p>\n<p>&gt; Otros terceros: Podemos divulgar su informaci\u00f3n a otros terceros con su consentimiento o seg\u00fan lo permita la ley.<\/p>\n<p>Sus derechos de protecci\u00f3n de datos<br>Seg\u00fan el Reglamento General de Protecci\u00f3n de Datos (GDPR), usted tiene ciertos derechos con respecto a su informaci\u00f3n personal, incluido el derecho a:<\/p>\n<p>&gt; Acceder a su informaci\u00f3n personal.<br>&gt; Corregir informaci\u00f3n personal inexacta.<br>&gt; Solicitar la eliminaci\u00f3n de su informaci\u00f3n personal.<br>&gt; Restringir el procesamiento de su informaci\u00f3n personal.<br>&gt; Oponerse al procesamiento de su informaci\u00f3n personal.<br>&gt; Retirar su consentimiento para el procesamiento de su informaci\u00f3n personal.<\/p>\n<p>Para ejercer cualquiera de estos derechos, comun\u00edquese con nosotros a hello@enterlab.tech<\/p>\n<p>Retenci\u00f3n de datos<br>Retendremos su informaci\u00f3n personal durante el tiempo que sea necesario para cumplir con los fines para los que fue recopilada, incluidos los fines legales, contables u otros fines internos. Luego eliminaremos su informaci\u00f3n personal a menos que la ley nos obligue a conservarla durante per\u00edodos m\u00e1s prolongados.<\/p>\n<p>Seguridad<br>Tomamos medidas razonables para proteger su informaci\u00f3n personal del acceso, la divulgaci\u00f3n, la alteraci\u00f3n o la destrucci\u00f3n no autorizados. Sin embargo, ninguna transmisi\u00f3n por Internet es completamente segura y no podemos garantizar la seguridad de su informaci\u00f3n.<\/p>\n<p>Cookies y tecnolog\u00edas de seguimiento<br>Utilizamos cookies y otras tecnolog\u00edas de seguimiento para rastrear la actividad en nuestro sitio web y almacenar cierta informaci\u00f3n. Las cookies son archivos con una peque\u00f1a cantidad de datos que pueden incluir un identificador \u00fanico an\u00f3nimo. Las cookies se env\u00edan a su navegador desde un sitio web y se almacenan en su dispositivo. Puede indicarle a su navegador que rechace todas las cookies o que le indique cu\u00e1ndo se env\u00eda una cookie. Sin embargo, si no acepta las cookies, es posible que no pueda usar algunas partes de nuestro sitio web.<\/p>\n<p>Enlaces a otros sitios web<br>Nuestro sitio web puede contener enlaces a otros sitios web. No somos responsables de las pr\u00e1cticas de privacidad de otros sitios web y le recomendamos que lea sus pol\u00edticas de privacidad antes de proporcionar cualquier informaci\u00f3n personal.<\/p>\n<p>Privacidad de los ni\u00f1os<br>Nuestro sitio web no est\u00e1 destinado a ni\u00f1os menores de 13 a\u00f1os. No recopilamos deliberadamente informaci\u00f3n personal de ni\u00f1os menores de 13 a\u00f1os. Si usted es padre o tutor y sabe que su hijo nos ha proporcionado informaci\u00f3n personal, comun\u00edquese con nosotros a hello@enterlab.tech<br>Tomaremos las medidas necesarias para eliminar la informaci\u00f3n personal de su hijo de nuestros sistemas.<\/p>\n<p>Cambios en esta Pol\u00edtica de privacidad<br>Podemos actualizar esta Pol\u00edtica de privacidad de vez en cuando. Le notificaremos sobre cualquier cambio publicando la nueva Pol\u00edtica de privacidad en nuestro sitio web. Se recomienda revisar esta Pol\u00edtica de privacidad peri\u00f3dicamente para conocer los cambios.<\/p>\t\t\t\t\t\t\t\t<\/div>\n\t\t\t\t<\/div>\n\t\t\t\t\t<\/div>\n\t\t\t\t<\/div>\n\t\t\t\t<\/div>\n\t\t\t\t<\/div>\n\t\t","protected":false},"excerpt":{"rendered":"<p>Centro Privado del Diagn\u00f3stico SRL &#8211; Pol\u00edtica de Privacidad Introducci\u00f3nCentro Privado del Diagn\u00f3stico (&#8220;CPD&#8221;, &#8220;nosotros&#8221;, &#8220;nos&#8221; o &#8220;nuestro&#8221;) es una [&hellip;]<\/p>\n","protected":false},"author":1,"featured_media":0,"parent":0,"menu_order":0,"comment_status":"closed","ping_status":"closed","template":"","meta":{"site-sidebar-layout":"no-sidebar","site-content-layout":"","ast-site-content-layout":"full-width-container","site-content-style":"default","site-sidebar-style":"default","ast-global-header-display":"","ast-banner-title-visibility":"","ast-main-header-display":"","ast-hfb-above-header-display":"","ast-hfb-below-header-display":"","ast-hfb-mobile-header-display":"","site-post-title":"disabled","ast-breadcrumbs-content":"","ast-featured-img":"disabled","footer-sml-layout":"","ast-disable-related-posts":"","theme-transparent-header-meta":"","adv-header-id-meta":"","stick-header-meta":"","header-above-stick-meta":"","header-main-stick-meta":"","header-below-stick-meta":"","astra-migrate-meta-layouts":"default","ast-page-background-enabled":"default","ast-page-background-meta":{"desktop":{"background-color":"var(--ast-global-color-4)","background-image":"","background-repeat":"repeat","background-position":"center center","background-size":"auto","background-attachment":"scroll","background-type":"","background-media":"","overlay-type":"","overlay-color":"","overlay-opacity":"","overlay-gradient":""},"tablet":{"background-color":"","background-image":"","background-repeat":"repeat","background-position":"center center","background-size":"auto","background-attachment":"scroll","background-type":"","background-media":"","overlay-type":"","overlay-color":"","overlay-opacity":"","overlay-gradient":""},"mobile":{"background-color":"","background-image":"","background-repeat":"repeat","background-position":"center center","background-size":"auto","background-attachment":"scroll","background-type":"","background-media":"","overlay-type":"","overlay-color":"","overlay-opacity":"","overlay-gradient":""}},"ast-content-background-meta":{"desktop":{"background-color":"var(--ast-global-color-5)","background-image":"","background-repeat":"repeat","background-position":"center center","background-size":"auto","background-attachment":"scroll","background-type":"","background-media":"","overlay-type":"","overlay-color":"","overlay-opacity":"","overlay-gradient":""},"tablet":{"background-color":"var(--ast-global-color-5)","background-image":"","background-repeat":"repeat","background-position":"center center","background-size":"auto","background-attachment":"scroll","background-type":"","background-media":"","overlay-type":"","overlay-color":"","overlay-opacity":"","overlay-gradient":""},"mobile":{"background-color":"var(--ast-global-color-5)","background-image":"","background-repeat":"repeat","background-position":"center center","background-size":"auto","background-attachment":"scroll","background-type":"","background-media":"","overlay-type":"","overlay-color":"","overlay-opacity":"","overlay-gradient":""}},"footnotes":""},"class_list":["post-361","page","type-page","status-publish","hentry"],"_links":{"self":[{"href":"https:\/\/cpdiagnostico.com.ar\/index.php?rest_route=\/wp\/v2\/pages\/361","targetHints":{"allow":["GET"]}}],"collection":[{"href":"https:\/\/cpdiagnostico.com.ar\/index.php?rest_route=\/wp\/v2\/pages"}],"about":[{"href":"https:\/\/cpdiagnostico.com.ar\/index.php?rest_route=\/wp\/v2\/types\/page"}],"author":[{"embeddable":true,"href":"https:\/\/cpdiagnostico.com.ar\/index.php?rest_route=\/wp\/v2\/users\/1"}],"replies":[{"embeddable":true,"href":"https:\/\/cpdiagnostico.com.ar\/index.php?rest_route=%2Fwp%2Fv2%2Fcomments&post=361"}],"version-history":[{"count":4,"href":"https:\/\/cpdiagnostico.com.ar\/index.php?rest_route=\/wp\/v2\/pages\/361\/revisions"}],"predecessor-version":[{"id":368,"href":"https:\/\/cpdiagnostico.com.ar\/index.php?rest_route=\/wp\/v2\/pages\/361\/revisions\/368"}],"wp:attachment":[{"href":"https:\/\/cpdiagnostico.com.ar\/index.php?rest_route=%2Fwp%2Fv2%2Fmedia&parent=361"}],"curies":[{"name":"wp","href":"https:\/\/api.w.org\/{rel}","templated":true}]}}