{"id":349,"date":"2024-10-15T15:09:06","date_gmt":"2024-10-15T18:09:06","guid":{"rendered":"https:\/\/cpdiagnostico.com.ar\/?page_id=349"},"modified":"2024-10-15T15:18:27","modified_gmt":"2024-10-15T18:18:27","slug":"terminos-y-condiciones","status":"publish","type":"page","link":"https:\/\/cpdiagnostico.com.ar\/?page_id=349","title":{"rendered":"T\u00e9rminos y Condiciones"},"content":{"rendered":"\t\t<div data-elementor-type=\"wp-page\" data-elementor-id=\"349\" class=\"elementor elementor-349\" data-elementor-post-type=\"page\">\n\t\t\t\t<div class=\"elementor-element elementor-element-18a53ff e-con-full e-flex e-con e-parent\" data-id=\"18a53ff\" data-element_type=\"container\" data-e-type=\"container\">\n\t\t<div class=\"elementor-element elementor-element-749026c e-con-full e-flex e-con e-child\" data-id=\"749026c\" data-element_type=\"container\" data-e-type=\"container\">\n\t\t\t\t<div class=\"elementor-element elementor-element-9d72d0e elementor-widget__width-initial elementor-widget elementor-widget-heading\" data-id=\"9d72d0e\" data-element_type=\"widget\" data-e-type=\"widget\" data-widget_type=\"heading.default\">\n\t\t\t\t<div class=\"elementor-widget-container\">\n\t\t\t\t\t<h2 class=\"elementor-heading-title elementor-size-default\">Centro Privado del Diagn\u00f3stico SRL - T\u00e9rminos de Uso<\/h2>\t\t\t\t<\/div>\n\t\t\t\t<\/div>\n\t\t\t\t<\/div>\n\t\t<div class=\"elementor-element elementor-element-19afab6 e-flex e-con-boxed e-con e-child\" data-id=\"19afab6\" data-element_type=\"container\" data-e-type=\"container\">\n\t\t\t\t\t<div class=\"e-con-inner\">\n\t\t\t\t<div class=\"elementor-element elementor-element-eb138d3 elementor-widget elementor-widget-text-editor\" data-id=\"eb138d3\" data-element_type=\"widget\" data-e-type=\"widget\" data-widget_type=\"text-editor.default\">\n\t\t\t\t<div class=\"elementor-widget-container\">\n\t\t\t\t\t\t\t\t\t<p>1. Aceptaci\u00f3n de los T\u00e9rminos<br \/>Al acceder o utilizar cpdiagnostico.com.ar, propiedad y operado por Centro Privado del Diagn\u00f3stico SRL., usted acepta cumplir y estar sujeto a estos T\u00e9rminos de uso. Si no est\u00e1 de acuerdo con alguna parte de estos t\u00e9rminos, no debe utilizar nuestro sitio web.<br \/>2. Informaci\u00f3n legal<br \/>Centro Privado del Diagn\u00f3stico SRL es una empresa registrada en Argentina, con domicilio fiscal en calle 12 de Octubre 290, R\u00edo Tercero, C\u00f3rdoba, Argentina. Puede comunicarse con nosotros por tel\u00e9fono al +54 3571 417236 o enviarnos un correo electr\u00f3nico a administracion@cpdiagnostico.com.ar para cualquier consulta relacionada con estos T\u00e9rminos de uso.<br \/>3. Uso del sitio web<br \/>Se le otorga una licencia limitada, no exclusiva, intransferible y revocable para acceder y utilizar enterlab.tech estrictamente de acuerdo con estos T\u00e9rminos de uso. Usted acepta utilizar el sitio web solo para fines legales y de una manera que no infrinja los derechos de, ni restrinja o inhiba el uso y disfrute de este sitio por parte de terceros.<br \/>4. Derechos de propiedad intelectual<br \/>Todo el contenido de cpdiagnostico.com.ar, incluidos, entre otros, textos, gr\u00e1ficos, logotipos, im\u00e1genes y software, es propiedad del Centro PRivado del Diagn\u00f3stico o de sus proveedores de contenido y est\u00e1 protegido por las leyes de propiedad intelectual, marcas comerciales y derechos de autor de Argentina e internacionales. El uso, la reproducci\u00f3n o la distribuci\u00f3n no autorizados del contenido de este sitio web est\u00e1n estrictamente prohibidos. Puede descargar o imprimir una copia de p\u00e1ginas individuales para uso personal y no comercial, siempre que no modifique el material ni elimine ning\u00fan aviso de derechos de autor o marca registrada.<br \/>5. Contenido del usuario<br \/>Al enviar contenido a cpdiagnostico.com.ar, como comentarios, consultas u otras contribuciones, otorga al Centro Privado del Diagn\u00f3stico una licencia no exclusiva, libre de regal\u00edas, perpetua y mundial para usar, reproducir, modificar, adaptar, publicar, traducir, distribuir y mostrar dicho contenido. Garantiza que cualquier contenido que env\u00ede no viola ning\u00fan derecho de terceros y no es ilegal, obsceno, amenazante ni de otro modo objetable. Usted es el \u00fanico responsable del contenido que env\u00eda.<br \/>6. Pol\u00edtica de privacidad<br \/>Su uso de cpdiagnostico.com.ar se rige por nuestra Pol\u00edtica de privacidad, que se incorpora por referencia a estos T\u00e9rminos de uso. Nuestra Pol\u00edtica de privacidad proporciona detalles sobre c\u00f3mo recopilamos, usamos y protegemos sus datos personales. Al utilizar nuestro sitio web, usted acepta el procesamiento de sus datos personales como se describe en nuestra Pol\u00edtica de privacidad.<br \/>7. Exenci\u00f3n de garant\u00edas<br \/>Centro Privado del Diagn\u00f3stico se ofrece &#8220;tal como est\u00e1&#8221; y &#8220;seg\u00fan disponibilidad&#8221;. Centro Privado del Diagn\u00f3stico no realiza declaraciones ni ofrece garant\u00edas de ning\u00fan tipo, expresas o impl\u00edcitas, en cuanto al funcionamiento del sitio web o la informaci\u00f3n, el contenido, los materiales o los productos incluidos en el sitio. En la medida m\u00e1xima permitida por la ley aplicable, Centro Privado del Diagn\u00f3stico renuncia a todas las garant\u00edas, expresas o impl\u00edcitas, incluidas, entre otras, las garant\u00edas impl\u00edcitas de comerciabilidad y de idoneidad para un fin determinado.<br \/>8. Limitaci\u00f3n de responsabilidad<br \/>En la medida m\u00e1xima permitida por la ley, Centro Privado del diagn\u00f3stico no ser\u00e1 responsable de ning\u00fan da\u00f1o de ning\u00fan tipo que surja del uso de este sitio, incluidos, entre otros, los da\u00f1os directos, indirectos, incidentales, punitivos y consecuentes. Esta limitaci\u00f3n de responsabilidad se aplica a todas las reclamaciones, ya sea que se basen en garant\u00eda, contrato, agravio o cualquier otra teor\u00eda legal, incluso si el Centro Privado del Diagn\u00f3stico ha sido advertido de la posibilidad de tales da\u00f1os.<br \/>9. Enlaces de terceros<br \/>cpdgianostico.com.ar puede contener enlaces a sitios web de terceros que no est\u00e1n controlados ni operados por el Centro Privado del diagn\u00f3stico. Estos enlaces se proporcionan \u00fanicamente para su conveniencia y no respaldamos ni asumimos ninguna responsabilidad por el contenido, las pol\u00edticas de privacidad o las pr\u00e1cticas de ning\u00fan sitio web de terceros. Usted accede a cualquier sitio web de terceros bajo su propio riesgo.<br \/>10. Modificaciones de los T\u00e9rminos<br \/>Enterlab Tech Management se reserva el derecho de modificar estos T\u00e9rminos de uso en cualquier momento. Cualquier cambio entrar\u00e1 en vigencia inmediatamente despu\u00e9s de su publicaci\u00f3n en enterlab.tech. Su uso continuo del sitio web despu\u00e9s de la publicaci\u00f3n de los cambios constituye su aceptaci\u00f3n de dichos cambios. Le recomendamos que revise estos T\u00e9rminos de uso peri\u00f3dicamente para mantenerse informado sobre nuestras pr\u00e1cticas.<br \/>11. Terminaci\u00f3n<br \/>Centro Privado del diagn\u00f3stico se reserva el derecho de terminar o suspender su acceso a cpdiagnostico.com.ar, sin previo aviso, por conducta que consideremos que viola estos T\u00e9rminos de uso o es perjudicial para otros usuarios del sitio, nosotros o terceros, o por cualquier otro motivo a nuestro exclusivo criterio.<br \/>12. Ley aplicable y jurisdicci\u00f3n<br \/>Estos T\u00e9rminos de uso se rigen por las leyes de Argentina y se interpretan de conformidad con ellas. Cualquier disputa que surja en relaci\u00f3n con estos t\u00e9rminos estar\u00e1 sujeta a la jurisdicci\u00f3n exclusiva de los tribunales de Argentina.<br \/>13. Informaci\u00f3n de contacto<br \/>Si tiene alguna pregunta o inquietud sobre estos T\u00e9rminos de uso, o si necesita comunicarse con nosotros por cualquier motivo, h\u00e1galo utilizando los siguientes datos de contacto:<br \/>Correo: administracion@cpdiagnostico.com.ar<br \/>Tel\u00e9fono: +54 3571 417236<\/p>\t\t\t\t\t\t\t\t<\/div>\n\t\t\t\t<\/div>\n\t\t\t\t\t<\/div>\n\t\t\t\t<\/div>\n\t\t\t\t<\/div>\n\t\t\t\t<\/div>\n\t\t","protected":false},"excerpt":{"rendered":"<p>Centro Privado del Diagn\u00f3stico SRL &#8211; T\u00e9rminos de Uso 1. Aceptaci\u00f3n de los T\u00e9rminosAl acceder o utilizar cpdiagnostico.com.ar, propiedad y [&hellip;]<\/p>\n","protected":false},"author":1,"featured_media":0,"parent":0,"menu_order":0,"comment_status":"closed","ping_status":"closed","template":"","meta":{"site-sidebar-layout":"no-sidebar","site-content-layout":"","ast-site-content-layout":"full-width-container","site-content-style":"default","site-sidebar-style":"default","ast-global-header-display":"","ast-banner-title-visibility":"","ast-main-header-display":"","ast-hfb-above-header-display":"","ast-hfb-below-header-display":"","ast-hfb-mobile-header-display":"","site-post-title":"disabled","ast-breadcrumbs-content":"","ast-featured-img":"disabled","footer-sml-layout":"","ast-disable-related-posts":"","theme-transparent-header-meta":"","adv-header-id-meta":"","stick-header-meta":"","header-above-stick-meta":"","header-main-stick-meta":"","header-below-stick-meta":"","astra-migrate-meta-layouts":"default","ast-page-background-enabled":"default","ast-page-background-meta":{"desktop":{"background-color":"var(--ast-global-color-4)","background-image":"","background-repeat":"repeat","background-position":"center center","background-size":"auto","background-attachment":"scroll","background-type":"","background-media":"","overlay-type":"","overlay-color":"","overlay-opacity":"","overlay-gradient":""},"tablet":{"background-color":"","background-image":"","background-repeat":"repeat","background-position":"center center","background-size":"auto","background-attachment":"scroll","background-type":"","background-media":"","overlay-type":"","overlay-color":"","overlay-opacity":"","overlay-gradient":""},"mobile":{"background-color":"","background-image":"","background-repeat":"repeat","background-position":"center center","background-size":"auto","background-attachment":"scroll","background-type":"","background-media":"","overlay-type":"","overlay-color":"","overlay-opacity":"","overlay-gradient":""}},"ast-content-background-meta":{"desktop":{"background-color":"var(--ast-global-color-5)","background-image":"","background-repeat":"repeat","background-position":"center center","background-size":"auto","background-attachment":"scroll","background-type":"","background-media":"","overlay-type":"","overlay-color":"","overlay-opacity":"","overlay-gradient":""},"tablet":{"background-color":"var(--ast-global-color-5)","background-image":"","background-repeat":"repeat","background-position":"center center","background-size":"auto","background-attachment":"scroll","background-type":"","background-media":"","overlay-type":"","overlay-color":"","overlay-opacity":"","overlay-gradient":""},"mobile":{"background-color":"var(--ast-global-color-5)","background-image":"","background-repeat":"repeat","background-position":"center center","background-size":"auto","background-attachment":"scroll","background-type":"","background-media":"","overlay-type":"","overlay-color":"","overlay-opacity":"","overlay-gradient":""}},"footnotes":""},"class_list":["post-349","page","type-page","status-publish","hentry"],"_links":{"self":[{"href":"https:\/\/cpdiagnostico.com.ar\/index.php?rest_route=\/wp\/v2\/pages\/349","targetHints":{"allow":["GET"]}}],"collection":[{"href":"https:\/\/cpdiagnostico.com.ar\/index.php?rest_route=\/wp\/v2\/pages"}],"about":[{"href":"https:\/\/cpdiagnostico.com.ar\/index.php?rest_route=\/wp\/v2\/types\/page"}],"author":[{"embeddable":true,"href":"https:\/\/cpdiagnostico.com.ar\/index.php?rest_route=\/wp\/v2\/users\/1"}],"replies":[{"embeddable":true,"href":"https:\/\/cpdiagnostico.com.ar\/index.php?rest_route=%2Fwp%2Fv2%2Fcomments&post=349"}],"version-history":[{"count":4,"href":"https:\/\/cpdiagnostico.com.ar\/index.php?rest_route=\/wp\/v2\/pages\/349\/revisions"}],"predecessor-version":[{"id":360,"href":"https:\/\/cpdiagnostico.com.ar\/index.php?rest_route=\/wp\/v2\/pages\/349\/revisions\/360"}],"wp:attachment":[{"href":"https:\/\/cpdiagnostico.com.ar\/index.php?rest_route=%2Fwp%2Fv2%2Fmedia&parent=349"}],"curies":[{"name":"wp","href":"https:\/\/api.w.org\/{rel}","templated":true}]}}